{"id":1583,"date":"2018-12-17T12:26:33","date_gmt":"2018-12-17T12:26:33","guid":{"rendered":"https:\/\/wilmer.qodeinteractive.com\/?page_id=1583"},"modified":"2023-02-26T04:49:50","modified_gmt":"2023-02-26T04:49:50","slug":"proyectos","status":"publish","type":"page","link":"https:\/\/www.aykspa.cl\/index.php\/portfolio\/proyectos\/","title":{"rendered":"PROYECTOS"},"content":{"rendered":"<p>[vc_row row_btt_skin=\u00bblight\u00bb row_background_text_position=\u00bbfront\u00bb][vc_column css=\u00bb.vc_custom_1677386991034{margin-top: -80px !important;}\u00bb][vc_column_text]<\/p>\n<h5 style=\"text-align: justify;\">La p\u00e1gina de proyectos de la web AyK Asesor\u00edas e Ingenier\u00eda es un espacio dedicado a mostrar los proyectos m\u00e1s destacados de la empresa. En esta p\u00e1gina, los usuarios pueden encontrar informaci\u00f3n detallada sobre los proyectos que la empresa ha llevado a cabo, as\u00ed como tambi\u00e9n im\u00e1genes y v\u00eddeos que muestran el proceso de ejecuci\u00f3n y los resultados obtenidos.<\/h5>\n<p>[\/vc_column_text][vc_empty_space][vc_empty_space]<div class=\"mkdf-portfolio-list-holder mkdf-grid-list mkdf-disable-bottom-space mkdf-pl-gallery mkdf-three-columns mkdf-no-space mkdf-pl-gallery-overlay    mkdf-pl-pag-no-pagination      mkdf-pl-light-skin\"  data-type=gallery data-skin=light-skin data-number-of-columns=three data-space-between-items=no data-number-of-items=9 data-image-proportions=full data-enable-fixed-proportions=no data-enable-image-shadow=no data-orderby=date data-order=ASC data-item-style=gallery-overlay data-enable-title=yes data-title-tag=h4 data-enable-category=yes data-enable-count-images=yes data-enable-excerpt=no data-excerpt-length=20 data-readmore=yes data-pagination-type=no-pagination data-filter=no data-filter-order-by=name data-enable-article-animation=no data-portfolio-slider-on=no data-enable-loop=yes data-enable-autoplay=yes data-slider-speed=5000 data-slider-speed-animation=600 data-enable-navigation=yes data-enable-pagination=yes data-enable-auto-width=no data-max-num-pages=1 data-next-page=2>\n\t\t<div class=\"mkdf-pl-inner mkdf-outer-space  clearfix\">\n\t\t<article class=\"mkdf-pl-item mkdf-item-space  post-6860 portfolio-item type-portfolio-item status-publish has-post-thumbnail hentry portfolio-category-gerenciamiento-proyecto portfolio-category-ito\">\n\t<div class=\"mkdf-pl-item-inner\">\n\t\t<a href=\"https:\/\/www.aykspa.cl\/index.php\/portfolio-item\/bitumix-sur\/\">\n<div class=\"mkdf-pli-image\">\n\t<img loading=\"lazy\" decoding=\"async\" width=\"1100\" height=\"673\" src=\"https:\/\/www.aykspa.cl\/wp-content\/uploads\/2023\/01\/Proyecto1.jpg\" class=\"attachment-full size-full wp-post-image\" alt=\"\" srcset=\"https:\/\/www.aykspa.cl\/wp-content\/uploads\/2023\/01\/Proyecto1.jpg 1100w, https:\/\/www.aykspa.cl\/wp-content\/uploads\/2023\/01\/Proyecto1-300x184.jpg 300w, https:\/\/www.aykspa.cl\/wp-content\/uploads\/2023\/01\/Proyecto1-1024x627.jpg 1024w, https:\/\/www.aykspa.cl\/wp-content\/uploads\/2023\/01\/Proyecto1-768x470.jpg 768w\" sizes=\"auto, (max-width: 1100px) 100vw, 1100px\" \/><\/div>\n<\/a>\n<div class=\"mkdf-pli-text-holder\">\n\t<div class=\"mkdf-pli-text-wrapper\">\n\t\t<div class=\"mkdf-pli-text\">\n            \t\t<h6 class=\"mkdf-pli-category-holder\">\n\t\t\t\t\t\t\t<a itemprop=\"url\" class=\"mkdf-pli-category\" href=\"https:\/\/www.aykspa.cl\/index.php\/portfolio-category\/gerenciamiento-proyecto\/\">Gerenciamiento proyecto<\/a>\n\t\t\t\t\t\t\t<a itemprop=\"url\" class=\"mkdf-pli-category\" href=\"https:\/\/www.aykspa.cl\/index.php\/portfolio-category\/ito\/\">ITO<\/a>\n\t\t\t\t\t<\/h6>\n\t\n                <a href=\"https:\/\/www.aykspa.cl\/index.php\/portfolio-item\/bitumix-sur\/\">\n\t<h4 itemprop=\"name\" class=\"mkdf-pli-title entry-title\" >\n\t\tBITUMIX SUR\t<\/h4>\n    <\/a>\n\n            \n            \n            \n    <div class=\"mkdf-pl-read-more-holder\">\n    \n    <a itemprop=\"url\" href=\"https:\/\/www.aykspa.cl\/index.php\/portfolio-item\/bitumix-sur\/\" target=\"_self\"  class=\"mkdf-btn mkdf-btn-medium mkdf-btn-simple\"  >\n    <span class=\"mkdf-btn-text\">Find out more<\/span>\n    <\/a>\n    <\/div>\n\n    \t\t<\/div>\n\t<\/div>\n<\/div>\n\t\t<a itemprop=\"url\" class=\"mkdf-pli-link mkdf-block-drag-link\" href=\"https:\/\/www.aykspa.cl\/index.php\/portfolio-item\/bitumix-sur\/\" target=\"_self\"><\/a>\n\t<\/div>\n<\/article><article class=\"mkdf-pl-item mkdf-item-space  post-6868 portfolio-item type-portfolio-item status-publish has-post-thumbnail hentry portfolio-category-inspeccion-tecnica-de-obras\">\n\t<div class=\"mkdf-pl-item-inner\">\n\t\t<a href=\"https:\/\/www.aykspa.cl\/index.php\/portfolio-item\/dona-raquel\/\">\n<div class=\"mkdf-pli-image\">\n\t<img loading=\"lazy\" decoding=\"async\" width=\"1100\" height=\"673\" src=\"https:\/\/www.aykspa.cl\/wp-content\/uploads\/2023\/01\/Proyecto5.jpg\" class=\"attachment-full size-full wp-post-image\" alt=\"\" srcset=\"https:\/\/www.aykspa.cl\/wp-content\/uploads\/2023\/01\/Proyecto5.jpg 1100w, https:\/\/www.aykspa.cl\/wp-content\/uploads\/2023\/01\/Proyecto5-300x184.jpg 300w, https:\/\/www.aykspa.cl\/wp-content\/uploads\/2023\/01\/Proyecto5-1024x627.jpg 1024w, https:\/\/www.aykspa.cl\/wp-content\/uploads\/2023\/01\/Proyecto5-768x470.jpg 768w\" sizes=\"auto, (max-width: 1100px) 100vw, 1100px\" \/><\/div>\n<\/a>\n<div class=\"mkdf-pli-text-holder\">\n\t<div class=\"mkdf-pli-text-wrapper\">\n\t\t<div class=\"mkdf-pli-text\">\n            \t\t<h6 class=\"mkdf-pli-category-holder\">\n\t\t\t\t\t\t\t<a itemprop=\"url\" class=\"mkdf-pli-category\" href=\"https:\/\/www.aykspa.cl\/index.php\/portfolio-category\/inspeccion-tecnica-de-obras\/\">Inspecci\u00f3n T\u00e9cnica de Obras<\/a>\n\t\t\t\t\t<\/h6>\n\t\n                <a href=\"https:\/\/www.aykspa.cl\/index.php\/portfolio-item\/dona-raquel\/\">\n\t<h4 itemprop=\"name\" class=\"mkdf-pli-title entry-title\" >\n\t\tDO\u00d1A RAQUEL\t<\/h4>\n    <\/a>\n\n            \n            \n            \n    <div class=\"mkdf-pl-read-more-holder\">\n    \n    <a itemprop=\"url\" href=\"https:\/\/www.aykspa.cl\/index.php\/portfolio-item\/dona-raquel\/\" target=\"_self\"  class=\"mkdf-btn mkdf-btn-medium mkdf-btn-simple\"  >\n    <span class=\"mkdf-btn-text\">Find out more<\/span>\n    <\/a>\n    <\/div>\n\n    \t\t<\/div>\n\t<\/div>\n<\/div>\n\t\t<a itemprop=\"url\" class=\"mkdf-pli-link mkdf-block-drag-link\" href=\"https:\/\/www.aykspa.cl\/index.php\/portfolio-item\/dona-raquel\/\" target=\"_self\"><\/a>\n\t<\/div>\n<\/article><article class=\"mkdf-pl-item mkdf-item-space  post-6881 portfolio-item type-portfolio-item status-publish has-post-thumbnail hentry portfolio-category-inspeccion-tecnica-de-obras\">\n\t<div class=\"mkdf-pl-item-inner\">\n\t\t<a href=\"https:\/\/www.aykspa.cl\/index.php\/portfolio-item\/estadio-espanol\/\">\n<div class=\"mkdf-pli-image\">\n\t<img loading=\"lazy\" decoding=\"async\" width=\"1100\" height=\"673\" src=\"https:\/\/www.aykspa.cl\/wp-content\/uploads\/2023\/01\/Proyecto6.jpg\" class=\"attachment-full size-full wp-post-image\" alt=\"\" srcset=\"https:\/\/www.aykspa.cl\/wp-content\/uploads\/2023\/01\/Proyecto6.jpg 1100w, https:\/\/www.aykspa.cl\/wp-content\/uploads\/2023\/01\/Proyecto6-300x184.jpg 300w, https:\/\/www.aykspa.cl\/wp-content\/uploads\/2023\/01\/Proyecto6-1024x627.jpg 1024w, https:\/\/www.aykspa.cl\/wp-content\/uploads\/2023\/01\/Proyecto6-768x470.jpg 768w\" sizes=\"auto, (max-width: 1100px) 100vw, 1100px\" \/><\/div>\n<\/a>\n<div class=\"mkdf-pli-text-holder\">\n\t<div class=\"mkdf-pli-text-wrapper\">\n\t\t<div class=\"mkdf-pli-text\">\n            \t\t<h6 class=\"mkdf-pli-category-holder\">\n\t\t\t\t\t\t\t<a itemprop=\"url\" class=\"mkdf-pli-category\" href=\"https:\/\/www.aykspa.cl\/index.php\/portfolio-category\/inspeccion-tecnica-de-obras\/\">Inspecci\u00f3n T\u00e9cnica de Obras<\/a>\n\t\t\t\t\t<\/h6>\n\t\n                <a href=\"https:\/\/www.aykspa.cl\/index.php\/portfolio-item\/estadio-espanol\/\">\n\t<h4 itemprop=\"name\" class=\"mkdf-pli-title entry-title\" >\n\t\tESTADIO ESPA\u00d1OL\t<\/h4>\n    <\/a>\n\n            \n            \n            \n    <div class=\"mkdf-pl-read-more-holder\">\n    \n    <a itemprop=\"url\" href=\"https:\/\/www.aykspa.cl\/index.php\/portfolio-item\/estadio-espanol\/\" target=\"_self\"  class=\"mkdf-btn mkdf-btn-medium mkdf-btn-simple\"  >\n    <span class=\"mkdf-btn-text\">Find out more<\/span>\n    <\/a>\n    <\/div>\n\n    \t\t<\/div>\n\t<\/div>\n<\/div>\n\t\t<a itemprop=\"url\" class=\"mkdf-pli-link mkdf-block-drag-link\" href=\"https:\/\/www.aykspa.cl\/index.php\/portfolio-item\/estadio-espanol\/\" target=\"_self\"><\/a>\n\t<\/div>\n<\/article><article class=\"mkdf-pl-item mkdf-item-space  post-6883 portfolio-item type-portfolio-item status-publish has-post-thumbnail hentry portfolio-category-administracion-delegada\">\n\t<div class=\"mkdf-pl-item-inner\">\n\t\t<a href=\"https:\/\/www.aykspa.cl\/index.php\/portfolio-item\/isn-inmobiliaria\/\">\n<div class=\"mkdf-pli-image\">\n\t<img loading=\"lazy\" decoding=\"async\" width=\"1100\" height=\"673\" src=\"https:\/\/www.aykspa.cl\/wp-content\/uploads\/2023\/01\/Proyecto7.jpg\" class=\"attachment-full size-full wp-post-image\" alt=\"\" srcset=\"https:\/\/www.aykspa.cl\/wp-content\/uploads\/2023\/01\/Proyecto7.jpg 1100w, https:\/\/www.aykspa.cl\/wp-content\/uploads\/2023\/01\/Proyecto7-300x184.jpg 300w, https:\/\/www.aykspa.cl\/wp-content\/uploads\/2023\/01\/Proyecto7-1024x627.jpg 1024w, https:\/\/www.aykspa.cl\/wp-content\/uploads\/2023\/01\/Proyecto7-768x470.jpg 768w\" sizes=\"auto, (max-width: 1100px) 100vw, 1100px\" \/><\/div>\n<\/a>\n<div class=\"mkdf-pli-text-holder\">\n\t<div class=\"mkdf-pli-text-wrapper\">\n\t\t<div class=\"mkdf-pli-text\">\n            \t\t<h6 class=\"mkdf-pli-category-holder\">\n\t\t\t\t\t\t\t<a itemprop=\"url\" class=\"mkdf-pli-category\" href=\"https:\/\/www.aykspa.cl\/index.php\/portfolio-category\/administracion-delegada\/\">Administraci\u00f3n delegada<\/a>\n\t\t\t\t\t<\/h6>\n\t\n                <a href=\"https:\/\/www.aykspa.cl\/index.php\/portfolio-item\/isn-inmobiliaria\/\">\n\t<h4 itemprop=\"name\" class=\"mkdf-pli-title entry-title\" >\n\t\tISN Inmobiliaria\t<\/h4>\n    <\/a>\n\n            \n            \n            \n    <div class=\"mkdf-pl-read-more-holder\">\n    \n    <a itemprop=\"url\" href=\"https:\/\/www.aykspa.cl\/index.php\/portfolio-item\/isn-inmobiliaria\/\" target=\"_self\"  class=\"mkdf-btn mkdf-btn-medium mkdf-btn-simple\"  >\n    <span class=\"mkdf-btn-text\">Find out more<\/span>\n    <\/a>\n    <\/div>\n\n    \t\t<\/div>\n\t<\/div>\n<\/div>\n\t\t<a itemprop=\"url\" class=\"mkdf-pli-link mkdf-block-drag-link\" href=\"https:\/\/www.aykspa.cl\/index.php\/portfolio-item\/isn-inmobiliaria\/\" target=\"_self\"><\/a>\n\t<\/div>\n<\/article><article class=\"mkdf-pl-item mkdf-item-space  post-6891 portfolio-item type-portfolio-item status-publish has-post-thumbnail hentry portfolio-category-inspeccion-tecnica-de-obras\">\n\t<div class=\"mkdf-pl-item-inner\">\n\t\t<a href=\"https:\/\/www.aykspa.cl\/index.php\/portfolio-item\/madecenter-y-cm-walmart\/\">\n<div class=\"mkdf-pli-image\">\n\t<img loading=\"lazy\" decoding=\"async\" width=\"1100\" height=\"673\" src=\"https:\/\/www.aykspa.cl\/wp-content\/uploads\/2023\/02\/Proyecto5.jpg\" class=\"attachment-full size-full wp-post-image\" alt=\"\" srcset=\"https:\/\/www.aykspa.cl\/wp-content\/uploads\/2023\/02\/Proyecto5.jpg 1100w, https:\/\/www.aykspa.cl\/wp-content\/uploads\/2023\/02\/Proyecto5-300x184.jpg 300w, https:\/\/www.aykspa.cl\/wp-content\/uploads\/2023\/02\/Proyecto5-1024x627.jpg 1024w, https:\/\/www.aykspa.cl\/wp-content\/uploads\/2023\/02\/Proyecto5-768x470.jpg 768w\" sizes=\"auto, (max-width: 1100px) 100vw, 1100px\" \/><\/div>\n<\/a>\n<div class=\"mkdf-pli-text-holder\">\n\t<div class=\"mkdf-pli-text-wrapper\">\n\t\t<div class=\"mkdf-pli-text\">\n            \t\t<h6 class=\"mkdf-pli-category-holder\">\n\t\t\t\t\t\t\t<a itemprop=\"url\" class=\"mkdf-pli-category\" href=\"https:\/\/www.aykspa.cl\/index.php\/portfolio-category\/inspeccion-tecnica-de-obras\/\">Inspecci\u00f3n T\u00e9cnica de Obras<\/a>\n\t\t\t\t\t<\/h6>\n\t\n                <a href=\"https:\/\/www.aykspa.cl\/index.php\/portfolio-item\/madecenter-y-cm-walmart\/\">\n\t<h4 itemprop=\"name\" class=\"mkdf-pli-title entry-title\" >\n\t\tMadecenter y CM Walmart\t<\/h4>\n    <\/a>\n\n            \n            \n            \n    <div class=\"mkdf-pl-read-more-holder\">\n    \n    <a itemprop=\"url\" href=\"https:\/\/www.aykspa.cl\/index.php\/portfolio-item\/madecenter-y-cm-walmart\/\" target=\"_self\"  class=\"mkdf-btn mkdf-btn-medium mkdf-btn-simple\"  >\n    <span class=\"mkdf-btn-text\">Find out more<\/span>\n    <\/a>\n    <\/div>\n\n    \t\t<\/div>\n\t<\/div>\n<\/div>\n\t\t<a itemprop=\"url\" class=\"mkdf-pli-link mkdf-block-drag-link\" href=\"https:\/\/www.aykspa.cl\/index.php\/portfolio-item\/madecenter-y-cm-walmart\/\" target=\"_self\"><\/a>\n\t<\/div>\n<\/article><article class=\"mkdf-pl-item mkdf-item-space  post-6898 portfolio-item type-portfolio-item status-publish has-post-thumbnail hentry portfolio-category-inspeccion-tecnica-de-obras\">\n\t<div class=\"mkdf-pl-item-inner\">\n\t\t<a href=\"https:\/\/www.aykspa.cl\/index.php\/portfolio-item\/06-edificio-inmobiliaria-el-bosque\/\">\n<div class=\"mkdf-pli-image\">\n\t<img loading=\"lazy\" decoding=\"async\" width=\"1100\" height=\"673\" src=\"https:\/\/www.aykspa.cl\/wp-content\/uploads\/2023\/02\/Proyecto6.jpg\" class=\"attachment-full size-full wp-post-image\" alt=\"\" srcset=\"https:\/\/www.aykspa.cl\/wp-content\/uploads\/2023\/02\/Proyecto6.jpg 1100w, https:\/\/www.aykspa.cl\/wp-content\/uploads\/2023\/02\/Proyecto6-300x184.jpg 300w, https:\/\/www.aykspa.cl\/wp-content\/uploads\/2023\/02\/Proyecto6-1024x627.jpg 1024w, https:\/\/www.aykspa.cl\/wp-content\/uploads\/2023\/02\/Proyecto6-768x470.jpg 768w\" sizes=\"auto, (max-width: 1100px) 100vw, 1100px\" \/><\/div>\n<\/a>\n<div class=\"mkdf-pli-text-holder\">\n\t<div class=\"mkdf-pli-text-wrapper\">\n\t\t<div class=\"mkdf-pli-text\">\n            \t\t<h6 class=\"mkdf-pli-category-holder\">\n\t\t\t\t\t\t\t<a itemprop=\"url\" class=\"mkdf-pli-category\" href=\"https:\/\/www.aykspa.cl\/index.php\/portfolio-category\/inspeccion-tecnica-de-obras\/\">Inspecci\u00f3n T\u00e9cnica de Obras<\/a>\n\t\t\t\t\t<\/h6>\n\t\n                <a href=\"https:\/\/www.aykspa.cl\/index.php\/portfolio-item\/06-edificio-inmobiliaria-el-bosque\/\">\n\t<h4 itemprop=\"name\" class=\"mkdf-pli-title entry-title\" >\n\t\tEdificio Inmobiliaria El Bosque\t<\/h4>\n    <\/a>\n\n            \n            \n            \n    <div class=\"mkdf-pl-read-more-holder\">\n    \n    <a itemprop=\"url\" href=\"https:\/\/www.aykspa.cl\/index.php\/portfolio-item\/06-edificio-inmobiliaria-el-bosque\/\" target=\"_self\"  class=\"mkdf-btn mkdf-btn-medium mkdf-btn-simple\"  >\n    <span class=\"mkdf-btn-text\">Find out more<\/span>\n    <\/a>\n    <\/div>\n\n    \t\t<\/div>\n\t<\/div>\n<\/div>\n\t\t<a itemprop=\"url\" class=\"mkdf-pli-link mkdf-block-drag-link\" href=\"https:\/\/www.aykspa.cl\/index.php\/portfolio-item\/06-edificio-inmobiliaria-el-bosque\/\" target=\"_self\"><\/a>\n\t<\/div>\n<\/article><article class=\"mkdf-pl-item mkdf-item-space  post-6900 portfolio-item type-portfolio-item status-publish has-post-thumbnail hentry portfolio-category-inspeccion-tecnica-de-obras\">\n\t<div class=\"mkdf-pl-item-inner\">\n\t\t<a href=\"https:\/\/www.aykspa.cl\/index.php\/portfolio-item\/auto-castillo\/\">\n<div class=\"mkdf-pli-image\">\n\t<img loading=\"lazy\" decoding=\"async\" width=\"1100\" height=\"673\" src=\"https:\/\/www.aykspa.cl\/wp-content\/uploads\/2023\/02\/Proyecto7.jpg\" class=\"attachment-full size-full wp-post-image\" alt=\"\" srcset=\"https:\/\/www.aykspa.cl\/wp-content\/uploads\/2023\/02\/Proyecto7.jpg 1100w, https:\/\/www.aykspa.cl\/wp-content\/uploads\/2023\/02\/Proyecto7-300x184.jpg 300w, https:\/\/www.aykspa.cl\/wp-content\/uploads\/2023\/02\/Proyecto7-1024x627.jpg 1024w, https:\/\/www.aykspa.cl\/wp-content\/uploads\/2023\/02\/Proyecto7-768x470.jpg 768w\" sizes=\"auto, (max-width: 1100px) 100vw, 1100px\" \/><\/div>\n<\/a>\n<div class=\"mkdf-pli-text-holder\">\n\t<div class=\"mkdf-pli-text-wrapper\">\n\t\t<div class=\"mkdf-pli-text\">\n            \t\t<h6 class=\"mkdf-pli-category-holder\">\n\t\t\t\t\t\t\t<a itemprop=\"url\" class=\"mkdf-pli-category\" href=\"https:\/\/www.aykspa.cl\/index.php\/portfolio-category\/inspeccion-tecnica-de-obras\/\">Inspecci\u00f3n T\u00e9cnica de Obras<\/a>\n\t\t\t\t\t<\/h6>\n\t\n                <a href=\"https:\/\/www.aykspa.cl\/index.php\/portfolio-item\/auto-castillo\/\">\n\t<h4 itemprop=\"name\" class=\"mkdf-pli-title entry-title\" >\n\t\tAuto Castillo\t<\/h4>\n    <\/a>\n\n            \n            \n            \n    <div class=\"mkdf-pl-read-more-holder\">\n    \n    <a itemprop=\"url\" href=\"https:\/\/www.aykspa.cl\/index.php\/portfolio-item\/auto-castillo\/\" target=\"_self\"  class=\"mkdf-btn mkdf-btn-medium mkdf-btn-simple\"  >\n    <span class=\"mkdf-btn-text\">Find out more<\/span>\n    <\/a>\n    <\/div>\n\n    \t\t<\/div>\n\t<\/div>\n<\/div>\n\t\t<a itemprop=\"url\" class=\"mkdf-pli-link mkdf-block-drag-link\" href=\"https:\/\/www.aykspa.cl\/index.php\/portfolio-item\/auto-castillo\/\" target=\"_self\"><\/a>\n\t<\/div>\n<\/article><article class=\"mkdf-pl-item mkdf-item-space  post-6903 portfolio-item type-portfolio-item status-publish has-post-thumbnail hentry portfolio-category-inspeccion-tecnica-de-obras\">\n\t<div class=\"mkdf-pl-item-inner\">\n\t\t<a href=\"https:\/\/www.aykspa.cl\/index.php\/portfolio-item\/isn-inmobiliaria-2\/\">\n<div class=\"mkdf-pli-image\">\n\t<img loading=\"lazy\" decoding=\"async\" width=\"1100\" height=\"673\" src=\"https:\/\/www.aykspa.cl\/wp-content\/uploads\/2023\/02\/Proyecto8.jpg\" class=\"attachment-full size-full wp-post-image\" alt=\"\" srcset=\"https:\/\/www.aykspa.cl\/wp-content\/uploads\/2023\/02\/Proyecto8.jpg 1100w, https:\/\/www.aykspa.cl\/wp-content\/uploads\/2023\/02\/Proyecto8-300x184.jpg 300w, https:\/\/www.aykspa.cl\/wp-content\/uploads\/2023\/02\/Proyecto8-1024x627.jpg 1024w, https:\/\/www.aykspa.cl\/wp-content\/uploads\/2023\/02\/Proyecto8-768x470.jpg 768w\" sizes=\"auto, (max-width: 1100px) 100vw, 1100px\" \/><\/div>\n<\/a>\n<div class=\"mkdf-pli-text-holder\">\n\t<div class=\"mkdf-pli-text-wrapper\">\n\t\t<div class=\"mkdf-pli-text\">\n            \t\t<h6 class=\"mkdf-pli-category-holder\">\n\t\t\t\t\t\t\t<a itemprop=\"url\" class=\"mkdf-pli-category\" href=\"https:\/\/www.aykspa.cl\/index.php\/portfolio-category\/inspeccion-tecnica-de-obras\/\">Inspecci\u00f3n T\u00e9cnica de Obras<\/a>\n\t\t\t\t\t<\/h6>\n\t\n                <a href=\"https:\/\/www.aykspa.cl\/index.php\/portfolio-item\/isn-inmobiliaria-2\/\">\n\t<h4 itemprop=\"name\" class=\"mkdf-pli-title entry-title\" >\n\t\tISN Inmobiliaria\t<\/h4>\n    <\/a>\n\n            \n            \n            \n    <div class=\"mkdf-pl-read-more-holder\">\n    \n    <a itemprop=\"url\" href=\"https:\/\/www.aykspa.cl\/index.php\/portfolio-item\/isn-inmobiliaria-2\/\" target=\"_self\"  class=\"mkdf-btn mkdf-btn-medium mkdf-btn-simple\"  >\n    <span class=\"mkdf-btn-text\">Find out more<\/span>\n    <\/a>\n    <\/div>\n\n    \t\t<\/div>\n\t<\/div>\n<\/div>\n\t\t<a itemprop=\"url\" class=\"mkdf-pli-link mkdf-block-drag-link\" href=\"https:\/\/www.aykspa.cl\/index.php\/portfolio-item\/isn-inmobiliaria-2\/\" target=\"_self\"><\/a>\n\t<\/div>\n<\/article><article class=\"mkdf-pl-item mkdf-item-space  post-6905 portfolio-item type-portfolio-item status-publish has-post-thumbnail hentry portfolio-category-coordinacion-de-especialidades-ito\">\n\t<div class=\"mkdf-pl-item-inner\">\n\t\t<a href=\"https:\/\/www.aykspa.cl\/index.php\/portfolio-item\/frigorifico-pacifico-spa\/\">\n<div class=\"mkdf-pli-image\">\n\t<img loading=\"lazy\" decoding=\"async\" width=\"1100\" height=\"673\" src=\"https:\/\/www.aykspa.cl\/wp-content\/uploads\/2023\/02\/Proyecto9.jpg\" class=\"attachment-full size-full wp-post-image\" alt=\"\" srcset=\"https:\/\/www.aykspa.cl\/wp-content\/uploads\/2023\/02\/Proyecto9.jpg 1100w, https:\/\/www.aykspa.cl\/wp-content\/uploads\/2023\/02\/Proyecto9-300x184.jpg 300w, https:\/\/www.aykspa.cl\/wp-content\/uploads\/2023\/02\/Proyecto9-1024x627.jpg 1024w, https:\/\/www.aykspa.cl\/wp-content\/uploads\/2023\/02\/Proyecto9-768x470.jpg 768w\" sizes=\"auto, (max-width: 1100px) 100vw, 1100px\" \/><\/div>\n<\/a>\n<div class=\"mkdf-pli-text-holder\">\n\t<div class=\"mkdf-pli-text-wrapper\">\n\t\t<div class=\"mkdf-pli-text\">\n            \t\t<h6 class=\"mkdf-pli-category-holder\">\n\t\t\t\t\t\t\t<a itemprop=\"url\" class=\"mkdf-pli-category\" href=\"https:\/\/www.aykspa.cl\/index.php\/portfolio-category\/coordinacion-de-especialidades-ito\/\">Coordinaci\u00f3n de especialidades \/ ITO<\/a>\n\t\t\t\t\t<\/h6>\n\t\n                <a href=\"https:\/\/www.aykspa.cl\/index.php\/portfolio-item\/frigorifico-pacifico-spa\/\">\n\t<h4 itemprop=\"name\" class=\"mkdf-pli-title entry-title\" >\n\t\tFrigor\u00edfico Pac\u00edfico Spa\t<\/h4>\n    <\/a>\n\n            \n            \n            \n    <div class=\"mkdf-pl-read-more-holder\">\n    \n    <a itemprop=\"url\" href=\"https:\/\/www.aykspa.cl\/index.php\/portfolio-item\/frigorifico-pacifico-spa\/\" target=\"_self\"  class=\"mkdf-btn mkdf-btn-medium mkdf-btn-simple\"  >\n    <span class=\"mkdf-btn-text\">Find out more<\/span>\n    <\/a>\n    <\/div>\n\n    \t\t<\/div>\n\t<\/div>\n<\/div>\n\t\t<a itemprop=\"url\" class=\"mkdf-pli-link mkdf-block-drag-link\" href=\"https:\/\/www.aykspa.cl\/index.php\/portfolio-item\/frigorifico-pacifico-spa\/\" target=\"_self\"><\/a>\n\t<\/div>\n<\/article>\t<\/div>\n\t\n\t<\/div>[\/vc_column][\/vc_row]<\/p>\n","protected":false},"excerpt":{"rendered":"<p>[vc_row row_btt_skin=\u00bblight\u00bb row_background_text_position=\u00bbfront\u00bb][vc_column css=\u00bb.vc_custom_1677386991034{margin-top: -80px !important;}\u00bb][vc_column_text] La p\u00e1gina de proyectos de la web AyK Asesor\u00edas e Ingenier\u00eda es un espacio dedicado a mostrar los proyectos m\u00e1s destacados de la empresa. En esta p\u00e1gina, los usuarios pueden encontrar informaci\u00f3n detallada sobre [&hellip;]<\/p>\n","protected":false},"author":1,"featured_media":0,"parent":1592,"menu_order":0,"comment_status":"closed","ping_status":"closed","template":"","meta":{"footnotes":""},"class_list":["post-1583","page","type-page","status-publish","hentry"],"_links":{"self":[{"href":"https:\/\/www.aykspa.cl\/index.php\/wp-json\/wp\/v2\/pages\/1583","targetHints":{"allow":["GET"]}}],"collection":[{"href":"https:\/\/www.aykspa.cl\/index.php\/wp-json\/wp\/v2\/pages"}],"about":[{"href":"https:\/\/www.aykspa.cl\/index.php\/wp-json\/wp\/v2\/types\/page"}],"author":[{"embeddable":true,"href":"https:\/\/www.aykspa.cl\/index.php\/wp-json\/wp\/v2\/users\/1"}],"replies":[{"embeddable":true,"href":"https:\/\/www.aykspa.cl\/index.php\/wp-json\/wp\/v2\/comments?post=1583"}],"version-history":[{"count":9,"href":"https:\/\/www.aykspa.cl\/index.php\/wp-json\/wp\/v2\/pages\/1583\/revisions"}],"predecessor-version":[{"id":6979,"href":"https:\/\/www.aykspa.cl\/index.php\/wp-json\/wp\/v2\/pages\/1583\/revisions\/6979"}],"up":[{"embeddable":true,"href":"https:\/\/www.aykspa.cl\/index.php\/wp-json\/wp\/v2\/pages\/1592"}],"wp:attachment":[{"href":"https:\/\/www.aykspa.cl\/index.php\/wp-json\/wp\/v2\/media?parent=1583"}],"curies":[{"name":"wp","href":"https:\/\/api.w.org\/{rel}","templated":true}]}}