{"id":1636,"date":"2018-12-17T13:59:14","date_gmt":"2018-12-17T13:59:14","guid":{"rendered":"https:\/\/wilmer.qodeinteractive.com\/?page_id=1636"},"modified":"2023-03-15T03:43:17","modified_gmt":"2023-03-15T03:43:17","slug":"servicios","status":"publish","type":"page","link":"https:\/\/www.aykspa.cl\/index.php\/servicios\/","title":{"rendered":"Servicios"},"content":{"rendered":"<p>[vc_row row_content_width=\u00bbgrid\u00bb row_btt_skin=\u00bblight\u00bb row_background_text_position=\u00bbfront\u00bb row_skin=\u00bbdark\u00bb css=\u00bb.vc_custom_1587557144491{padding-top: 110px !important;padding-bottom: 47px !important;}\u00bb][vc_column]<div class=\"mkdf-elements-holder   mkdf-three-columns  mkdf-responsive-mode-1024 \" ><div class=\"mkdf-eh-item    \"  data-item-class=\"mkdf-eh-custom-9466\" data-1367-1600=\"11px 0 29px 70px\" data-1025-1366=\"11px 0 29px 0px\" data-769-1024=\"11px 300px 0px 0\" data-681-768=\"11px 150px 0px 0\" data-680=\"11px 0 0px 0px\">\n\t<div class=\"mkdf-eh-item-inner\">\n\t\t<div class=\"mkdf-eh-item-content mkdf-eh-custom-9466\" style=\"padding: 11px 0 29px 74px\">\n\t\t\t<div class=\"mkdf-section-title-holder  mkdf-st-standard mkdf-st-title-left mkdf-st-normal-space \" >\n\t<div class=\"mkdf-st-inner\">\n                    <h6 class=\"mkdf-st-intro-title\" >\n                Nuestros servicios            <\/h6>\n        \t\t\t\t\t<h2 class=\"mkdf-st-title\" >\n\t\t\t\tSoluciones integrales para tu empresa\t\t\t<\/h2>\n\t\t\t\t\t<\/div>\n<\/div>\t\t<\/div>\n\t<\/div>\n<\/div><div class=\"mkdf-eh-item    \"  data-item-class=\"mkdf-eh-custom-8518\" data-1367-1600=\"15px 44px 0 74px\" data-1025-1366=\"15px 10px 0 33px\" data-769-1024=\"50px 440px 50px 1px\" data-681-768=\"50px 280px 50px 0px\" data-680=\"53px 50px 53px 0px\">\n\t<div class=\"mkdf-eh-item-inner\">\n\t\t<div class=\"mkdf-eh-item-content mkdf-eh-custom-8518\" style=\"padding: 15px 34px 0 84px\">\n\t\t\t<div class=\"mkdf-iwt clearfix  mkdf-iwt-icon-top  mkdf-iwt-icon-medium\" >\n\t<div class=\"mkdf-iwt-icon\">\n\t\t\t\t\t\t\t\t\t<img loading=\"lazy\" decoding=\"async\" width=\"64\" height=\"64\" src=\"https:\/\/www.aykspa.cl\/wp-content\/uploads\/2019\/02\/h5-icon-img-01.png\" class=\"attachment-full size-full\" alt=\"a\" \/>                \t\t\t<\/div>\n\t<div class=\"mkdf-iwt-content\" style=\"padding-top: 22px\">\n                    <p class=\"mkdf-iwt-caption\" >Contrata<\/p>\n        \t\t\t\t\t<h4 class=\"mkdf-iwt-title\" style=\"margin-top: -4px\">\n\t\t\t\t\t\t\t\t<span class=\"mkdf-iwt-title-text\">Coordinaci\u00f3n y gerenciamiento de proyectos<\/span>\n\t\t\t\t\t\t\t<\/h4>\n\t\t\t\t\t\t\t<p class=\"mkdf-iwt-text\" style=\"margin-top: 14px\">es un modelo de servicio en el que una empresa o individuo contratista se encarga de administrar y ejecutar un proyecto en nombre del cliente.<\/p>\n\t\t\t<\/div>\n<\/div>\t\t<\/div>\n\t<\/div>\n<\/div><div class=\"mkdf-eh-item    \"  data-item-class=\"mkdf-eh-custom-3730\" data-1367-1600=\"15px 44px 0 69px\" data-1025-1366=\"15px 0px 0 53px\" data-769-1024=\"0px 440px 22px 0px\" data-681-768=\"0px 280px 22px 0px\" data-680=\"0px 50px 22px 0px\">\n\t<div class=\"mkdf-eh-item-inner\">\n\t\t<div class=\"mkdf-eh-item-content mkdf-eh-custom-3730\" style=\"padding: 15px 29px 0 90px\">\n\t\t\t<div class=\"mkdf-iwt clearfix  mkdf-iwt-icon-top  mkdf-iwt-icon-medium\" >\n\t<div class=\"mkdf-iwt-icon\">\n\t\t\t\t\t\t\t\t\t<img loading=\"lazy\" decoding=\"async\" width=\"67\" height=\"64\" src=\"https:\/\/www.aykspa.cl\/wp-content\/uploads\/2019\/02\/h5-icon-img-02.png\" class=\"attachment-full size-full\" alt=\"a\" \/>                \t\t\t<\/div>\n\t<div class=\"mkdf-iwt-content\" style=\"padding-top: 22px\">\n                    <p class=\"mkdf-iwt-caption\" >Contrata<\/p>\n        \t\t\t\t\t<h4 class=\"mkdf-iwt-title\" style=\"margin-top: -4px\">\n\t\t\t\t\t\t\t\t<span class=\"mkdf-iwt-title-text\">Contrato por administraci\u00f3n delegada<\/span>\n\t\t\t\t\t\t\t<\/h4>\n\t\t\t\t\t\t\t<p class=\"mkdf-iwt-text\" style=\"margin-top: 14px\">es una soluci\u00f3n que las empresas pueden utilizar para llevar a cabo proyectos espec\u00edficos sin tener que gestionar todo el proceso internamente.<\/p>\n\t\t\t<\/div>\n<\/div>\t\t<\/div>\n\t<\/div>\n<\/div><\/div>[\/vc_column][\/vc_row][vc_row row_content_width=\u00bbgrid\u00bb row_btt_skin=\u00bblight\u00bb row_background_text_position=\u00bbfront\u00bb row_skin=\u00bbdark\u00bb css=\u00bb.vc_custom_1556102995046{padding-bottom: 122px !important;}\u00bb][vc_column]<div class=\"mkdf-elements-holder   mkdf-three-columns  mkdf-responsive-mode-1024 \" ><div class=\"mkdf-eh-item    \"  data-item-class=\"mkdf-eh-custom-3640\" data-1367-1600=\"0px 40px 0 73px\" data-1025-1366=\"0px 54px 0 0\" data-769-1024=\"0 440px 0 0\" data-681-768=\"0 280px 0 0\" data-680=\"0 50px 0 0\">\n\t<div class=\"mkdf-eh-item-inner\">\n\t\t<div class=\"mkdf-eh-item-content mkdf-eh-custom-3640\" style=\"padding: 0 44px 0 76px\">\n\t\t\t<div class=\"mkdf-iwt clearfix  mkdf-iwt-icon-top  mkdf-iwt-icon-medium\" >\n\t<div class=\"mkdf-iwt-icon\">\n\t\t\t\t\t\t\t\t\t<img loading=\"lazy\" decoding=\"async\" width=\"62\" height=\"64\" src=\"https:\/\/www.aykspa.cl\/wp-content\/uploads\/2019\/02\/h5-icon-img-03.png\" class=\"attachment-full size-full\" alt=\"a\" \/>                \t\t\t<\/div>\n\t<div class=\"mkdf-iwt-content\" style=\"padding-top: 22px\">\n                    <p class=\"mkdf-iwt-caption\" >Contrata<\/p>\n        \t\t\t\t\t<h4 class=\"mkdf-iwt-title\" style=\"margin-top: -4px\">\n\t\t\t\t\t\t\t\t<span class=\"mkdf-iwt-title-text\">Inspecci\u00f3n T\u00e9cnica de obras<\/span>\n\t\t\t\t\t\t\t<\/h4>\n\t\t\t\t\t\t\t<p class=\"mkdf-iwt-text\" style=\"margin-top: 14px\">es un conjunto de actividades que tienen como objetivo garantizar la calidad y seguridad en la ejecuci\u00f3n de proyectos de construcci\u00f3n y mantenimiento de instalaciones y equipos industriales.<\/p>\n\t\t\t<\/div>\n<\/div>\t\t<\/div>\n\t<\/div>\n<\/div><div class=\"mkdf-eh-item    \"  data-item-class=\"mkdf-eh-custom-2549\" data-1367-1600=\"0px 44px 0 74px\" data-1025-1366=\"0px 10px 0 33px\" data-769-1024=\"50px 440px 50px 1px\" data-681-768=\"50px 280px 50px 0px\" data-680=\"53px 50px 50px 0px\">\n\t<div class=\"mkdf-eh-item-inner\">\n\t\t<div class=\"mkdf-eh-item-content mkdf-eh-custom-2549\" style=\"padding: 0 37px 0 83px\">\n\t\t\t<div class=\"mkdf-iwt clearfix  mkdf-iwt-icon-top  mkdf-iwt-icon-medium\" >\n\t<div class=\"mkdf-iwt-icon\">\n\t\t\t\t\t\t\t\t\t<img loading=\"lazy\" decoding=\"async\" width=\"66\" height=\"64\" src=\"https:\/\/www.aykspa.cl\/wp-content\/uploads\/2019\/02\/h5-icon-img-04.png\" class=\"attachment-full size-full\" alt=\"a\" \/>                \t\t\t<\/div>\n\t<div class=\"mkdf-iwt-content\" style=\"padding-top: 22px\">\n                    <p class=\"mkdf-iwt-caption\" >Contrata<\/p>\n        \t\t\t\t\t<h4 class=\"mkdf-iwt-title\" style=\"margin-top: -4px\">\n\t\t\t\t\t\t\t\t<span class=\"mkdf-iwt-title-text\">Licitaciones de proyectos y obras concesionadas<\/span>\n\t\t\t\t\t\t\t<\/h4>\n\t\t\t\t\t\t\t<p class=\"mkdf-iwt-text\" style=\"margin-top: 14px\">es un conjunto de actividades que se llevan a cabo para la adjudicaci\u00f3n de proyectos y obras p\u00fablicas a trav\u00e9s de un proceso de licitaci\u00f3n y concesi\u00f3n.<\/p>\n\t\t\t<\/div>\n<\/div>\t\t<\/div>\n\t<\/div>\n<\/div><div class=\"mkdf-eh-item    \"  data-item-class=\"mkdf-eh-custom-7586\" data-1367-1600=\"0px 44px 0 70px\" data-1025-1366=\"0px 0px 0 53px\" data-769-1024=\"0 440px 0 1px\" data-681-768=\"0 280px 0 0px\" data-680=\"0 50px 0 0px\">\n\t<div class=\"mkdf-eh-item-inner\">\n\t\t<div class=\"mkdf-eh-item-content mkdf-eh-custom-7586\" style=\"padding: 0 29px 0 90px\">\n\t\t\t<div class=\"mkdf-iwt clearfix  mkdf-iwt-icon-top  mkdf-iwt-icon-medium\" >\n\t<div class=\"mkdf-iwt-icon\">\n\t\t\t\t\t\t\t\t\t<img loading=\"lazy\" decoding=\"async\" width=\"71\" height=\"64\" src=\"https:\/\/www.aykspa.cl\/wp-content\/uploads\/2019\/02\/h5-icon-img-05.png\" class=\"attachment-full size-full\" alt=\"a\" \/>                \t\t\t<\/div>\n\t<div class=\"mkdf-iwt-content\" style=\"padding-top: 22px\">\n                    <p class=\"mkdf-iwt-caption\" >Contrata<\/p>\n        \t\t\t\t\t<h4 class=\"mkdf-iwt-title\" style=\"margin-top: -4px\">\n\t\t\t\t\t\t\t\t<span class=\"mkdf-iwt-title-text\">Coordinaci\u00f3n BIM<\/span>\n\t\t\t\t\t\t\t<\/h4>\n\t\t\t\t\t\t\t<p class=\"mkdf-iwt-text\" style=\"margin-top: 14px\">es un servicio que se enfoca en el uso de la tecnolog\u00eda BIM (Building Information Modeling) para la planificaci\u00f3n, dise\u00f1o, construcci\u00f3n y gesti\u00f3n de proyectos de construcci\u00f3n.<\/p>\n\t\t\t<\/div>\n<\/div>\t\t<\/div>\n\t<\/div>\n<\/div><\/div>[\/vc_column][\/vc_row][vc_row row_content_width=\u00bbgrid\u00bb row_btt_skin=\u00bblight\u00bb disable_background_image=\u00bb\u00bb row_background_text_position=\u00bbfront\u00bb row_skin=\u00bbdark\u00bb css=\u00bb.vc_custom_1549460378412{padding-top: 113px !important;padding-bottom: 113px !important;}\u00bb simple_background_image=\u00bb4243&#8243;][vc_column offset=\u00bbvc_col-lg-offset-6 vc_col-lg-6&#8243; css=\u00bb.vc_custom_1552990378674{padding-right: 15px !important;padding-left: 28px !important;}\u00bb el_class=\u00bb.mkdf-different-button-hover\u00bb]<div class=\"mkdf-elements-holder   mkdf-one-column  mkdf-responsive-mode-768 \" ><div class=\"mkdf-eh-item    \" style=\"background-image: url(https:\/\/www.aykspa.cl\/wp-content\/uploads\/2019\/02\/h1-img-07.jpg)\" data-item-class=\"mkdf-eh-custom-7915\" data-1367-1600=\"76px 100px 85px 106px\" data-1025-1366=\"76px 90px 85px 90px\" data-769-1024=\"76px 280px 85px 86px\" data-681-768=\"76px 110px 85px 120px\" data-680=\"35px 20px 45px 22px\">\n\t<div class=\"mkdf-eh-item-inner\">\n\t\t<div class=\"mkdf-eh-item-content mkdf-eh-custom-7915\" style=\"padding: 76px 100px 85px 106px\">\n\t\t\t<div class=\"mkdf-section-title-holder  mkdf-st-standard mkdf-st-title-left mkdf-st-normal-space \" >\n\t<div class=\"mkdf-st-inner\">\n                    <h6 class=\"mkdf-st-intro-title\" style=\"color: #ffffff\">\n                Puedes Confiar en nosotros            <\/h6>\n        \t\t\t\t\t<h2 class=\"mkdf-st-title\" style=\"color: #ffffff\">\n\t\t\t\tAdministramos Proyectos<br \/>\t\t\t<\/h2>\n\t\t\t\t\t\t\t<h5 class=\"mkdf-st-text\" style=\"color: #ffffff;font-size: 18px;line-height: 26px;font-weight: 300;margin-top: 21px\">\n\t\t\t\tEn nuestra Empresa, la confianza es fundamental para nosotros, por lo que puedes estar seguro\/a de que haremos todo lo posible para satisfacer tus necesidades y superar expectativas. !Gracias por elegirnos\u00a1\t\t\t<\/h5>\n\t\t\t<\/div>\n<\/div>[vc_empty_space]<a itemprop=\"url\" href=\"#\" target=\"_self\"  class=\"mkdf-btn mkdf-btn-medium mkdf-btn-simple\"  >\n    <span class=\"mkdf-btn-text\">Read More<\/span>\n    <\/a>\t\t<\/div>\n\t<\/div>\n<\/div><\/div>[\/vc_column][\/vc_row]<\/p>\n","protected":false},"excerpt":{"rendered":"<p>[vc_row row_content_width=\u00bbgrid\u00bb row_btt_skin=\u00bblight\u00bb row_background_text_position=\u00bbfront\u00bb row_skin=\u00bbdark\u00bb css=\u00bb.vc_custom_1587557144491{padding-top: 110px !important;padding-bottom: 47px !important;}\u00bb][vc_column][\/vc_column][\/vc_row][vc_row row_content_width=\u00bbgrid\u00bb row_btt_skin=\u00bblight\u00bb row_background_text_position=\u00bbfront\u00bb row_skin=\u00bbdark\u00bb css=\u00bb.vc_custom_1556102995046{padding-bottom: 122px !important;}\u00bb][vc_column][\/vc_column][\/vc_row][vc_row row_content_width=\u00bbgrid\u00bb row_btt_skin=\u00bblight\u00bb disable_background_image=\u00bb\u00bb row_background_text_position=\u00bbfront\u00bb row_skin=\u00bbdark\u00bb css=\u00bb.vc_custom_1549460378412{padding-top: 113px !important;padding-bottom: 113px !important;}\u00bb simple_background_image=\u00bb4243&#8243;][vc_column offset=\u00bbvc_col-lg-offset-6 vc_col-lg-6&#8243; css=\u00bb.vc_custom_1552990378674{padding-right: 15px !important;padding-left: 28px !important;}\u00bb el_class=\u00bb.mkdf-different-button-hover\u00bb][\/vc_column][\/vc_row]<\/p>\n","protected":false},"author":1,"featured_media":0,"parent":0,"menu_order":0,"comment_status":"closed","ping_status":"closed","template":"full-width.php","meta":{"footnotes":""},"class_list":["post-1636","page","type-page","status-publish","hentry"],"_links":{"self":[{"href":"https:\/\/www.aykspa.cl\/index.php\/wp-json\/wp\/v2\/pages\/1636","targetHints":{"allow":["GET"]}}],"collection":[{"href":"https:\/\/www.aykspa.cl\/index.php\/wp-json\/wp\/v2\/pages"}],"about":[{"href":"https:\/\/www.aykspa.cl\/index.php\/wp-json\/wp\/v2\/types\/page"}],"author":[{"embeddable":true,"href":"https:\/\/www.aykspa.cl\/index.php\/wp-json\/wp\/v2\/users\/1"}],"replies":[{"embeddable":true,"href":"https:\/\/www.aykspa.cl\/index.php\/wp-json\/wp\/v2\/comments?post=1636"}],"version-history":[{"count":8,"href":"https:\/\/www.aykspa.cl\/index.php\/wp-json\/wp\/v2\/pages\/1636\/revisions"}],"predecessor-version":[{"id":6982,"href":"https:\/\/www.aykspa.cl\/index.php\/wp-json\/wp\/v2\/pages\/1636\/revisions\/6982"}],"wp:attachment":[{"href":"https:\/\/www.aykspa.cl\/index.php\/wp-json\/wp\/v2\/media?parent=1636"}],"curies":[{"name":"wp","href":"https:\/\/api.w.org\/{rel}","templated":true}]}}