{"id":1743,"date":"2018-12-18T10:02:14","date_gmt":"2018-12-18T10:02:14","guid":{"rendered":"https:\/\/wilmer.qodeinteractive.com\/?page_id=1743"},"modified":"2023-02-25T23:44:29","modified_gmt":"2023-02-25T23:44:29","slug":"contacto","status":"publish","type":"page","link":"https:\/\/www.aykspa.cl\/index.php\/contacto\/","title":{"rendered":"Contacto"},"content":{"rendered":"<p>[vc_row row_content_width=\u00bbgrid\u00bb row_btt_skin=\u00bblight\u00bb row_background_text_position=\u00bbfront\u00bb css=\u00bb.vc_custom_1556102012797{padding-top: 96px !important;padding-bottom: 122px !important;}\u00bb][vc_column]<div class=\"mkdf-elements-holder   mkdf-three-columns  mkdf-responsive-mode-1024 \" ><div class=\"mkdf-eh-item    \"  data-item-class=\"mkdf-eh-custom-6979\" data-1025-1366=\"0 90px 0 0\" data-769-1024=\"0 480px 0 0\" data-681-768=\"0 340px 0 0\" data-680=\"0 20px 0 0\">\n\t<div class=\"mkdf-eh-item-inner\">\n\t\t<div class=\"mkdf-eh-item-content mkdf-eh-custom-6979\" style=\"padding: 0 160px 0 0\">\n\t\t\t[vc_column_text]<\/p>\n<h4>INFORMACI\u00d3N DE CONTACTO<\/h4>\n<p>[\/vc_column_text][vc_column_text]<\/p>\n<p style=\"text-align: justify;\">\u00a1Gracias por considerar contactar con nosotros! En nuestra p\u00e1gina de contacto, podr\u00e1s encontrar diferentes opciones para comunicarte con nuestro equipo de profesionales y obtener la informaci\u00f3n que necesitas.<\/p>\n<p style=\"text-align: justify;\">Ponemos a tu disposici\u00f3n un formulario de contacto, en el cual podr\u00e1s dejarnos tus datos de contacto y la consulta o comentario que deseas hacernos. De esta manera, podremos responder a tus preguntas o inquietudes de manera r\u00e1pida y efectiva.<\/p>\n<p style=\"text-align: justify;\">Tambi\u00e9n podr\u00e1s encontrar informaci\u00f3n adicional sobre nuestra empresa, nuestros servicios, y c\u00f3mo podemos ayudarte a resolver tus necesidades. Si prefieres una atenci\u00f3n m\u00e1s personalizada, puedes contactarnos directamente a trav\u00e9s del n\u00famero de tel\u00e9fono o la direcci\u00f3n de correo electr\u00f3nico que aparecen en nuestra p\u00e1gina de contacto.<\/p>\n<p style=\"text-align: justify;\">En definitiva, nuestra p\u00e1gina de contacto es la mejor manera de llegar a nuestro equipo de profesionales y obtener una respuesta r\u00e1pida y precisa a tus preguntas o inquietudes. No dudes en ponerte en contacto con nosotros y descubrir c\u00f3mo podemos ayudarte a alcanzar tus objetivos. \u00a1Estamos deseando hablar contigo!<\/p>\n<p>[\/vc_column_text][vc_empty_space height=\u00bb14px\u00bb][vc_empty_space height=\u00bb14px\u00bb]<div class=\"mkdf-iwt clearfix  mkdf-iwt-icon-left  mkdf-iwt-icon-tiny\" >\n\t<div class=\"mkdf-iwt-icon\">\n\t\t\t\t\t<a itemprop=\"url\" href=\"https:\/\/goo.gl\/maps\/gmdg7rAdq8A7NnbQ7\" target=\"_blank\">\n\t\t\t\t\t                <svg version=\"1.1\" id=\"Layer_1\" xmlns=\"http:\/\/www.w3.org\/2000\/svg\" xmlns:xlink=\"http:\/\/www.w3.org\/1999\/xlink\" x=\"0px\" y=\"0px\"\n\t width=\"15px\" height=\"18px\" viewBox=\"0 0 13 16\" style=\"enable-background:new 0 0 13 16;\" xml:space=\"preserve\">\n<style type=\"text\/css\">\n\t.st0{fill:#001659;}\n<\/style>\n<g>\n\t<path class=\"st0\" d=\"M11.8,2.8C10.6,1,8.7,0,6.5,0C4.3,0,2.4,1,1.2,2.8c-1.2,1.8-1.5,4-0.8,6c0.2,0.5,0.5,1.1,0.9,1.6L6,15.8\n\t\tC6.1,15.9,6.3,16,6.5,16c0.2,0,0.4-0.1,0.5-0.2l4.6-5.4c0.4-0.5,0.7-1,0.9-1.6C13.3,6.8,13.1,4.6,11.8,2.8z M11.4,8.3\n\t\tc-0.1,0.4-0.4,0.8-0.7,1.2l-4.2,4.9L2.3,9.5C2,9.1,1.8,8.7,1.6,8.3C1,6.7,1.3,4.9,2.2,3.5c1-1.4,2.5-2.2,4.3-2.2s3.3,0.8,4.3,2.2\n\t\tC11.7,4.9,12,6.7,11.4,8.3z\"\/>\n\t<path class=\"st0\" d=\"M6.5,3.3c-1.8,0-3.2,1.4-3.2,3.2s1.4,3.2,3.2,3.2c1.8,0,3.2-1.4,3.2-3.2S8.3,3.3,6.5,3.3z M8.4,6.5\n\t\tc0,1-0.8,1.9-1.9,1.9c-1,0-1.9-0.8-1.9-1.9s0.8-1.9,1.9-1.9C7.5,4.6,8.4,5.4,8.4,6.5z\"\/>\n<\/g>\n<\/svg>\n\t\t\t\t\t\t\t\t<\/a>\n\t\t\t<\/div>\n\t<div class=\"mkdf-iwt-content\" style=\"padding-left: 18px\">\n        \t\t\t\t\t\t\t<p class=\"mkdf-iwt-text\" style=\"margin-top: 0px\">Barros Arana 492, Oficina 78, Concepci\u00f3n<\/p>\n\t\t\t<\/div>\n<\/div>[vc_empty_space height=\u00bb8px\u00bb]<div class=\"mkdf-iwt clearfix  mkdf-iwt-icon-left  mkdf-iwt-icon-tiny\" >\n\t<div class=\"mkdf-iwt-icon\">\n\t\t\t\t\t<a itemprop=\"url\" href=\"tel:+56984211630\" target=\"_self\">\n\t\t\t\t\t                <svg version=\"1.1\" id=\"Layer_1\" xmlns=\"http:\/\/www.w3.org\/2000\/svg\" xmlns:xlink=\"http:\/\/www.w3.org\/1999\/xlink\" x=\"0px\" y=\"0px\"\n\t width=\"18px\" height=\"18px\" viewBox=\"0 0 16 16\" style=\"enable-background:new 0 0 16 16;\" xml:space=\"preserve\">\n<style type=\"text\/css\">\n\t.st0{fill:#12192D;}\n<\/style>\n<path class=\"st0\" d=\"M12.5,6.9c-0.3,0-0.6-0.2-0.6-0.5c-0.2-1.2-1.1-2-2.3-2.3C9.3,4,9.1,3.7,9.1,3.3C9.2,3,9.5,2.8,9.9,2.8\n\tC10.7,3,11.4,3.4,12,4c0.6,0.6,1,1.3,1.1,2.1c0.1,0.4-0.2,0.7-0.5,0.8C12.6,6.9,12.6,6.9,12.5,6.9z\"\/>\n<path class=\"st0\" d=\"M15.4,6.9c-0.3,0-0.6-0.2-0.6-0.6c-0.3-2.7-2.4-4.7-5-5c-0.4,0-0.6-0.4-0.6-0.7C9.2,0.2,9.5,0,9.8,0\n\tc1.6,0.2,3,0.9,4.2,2c1.1,1.1,1.8,2.6,2,4.2C16,6.5,15.8,6.8,15.4,6.9C15.4,6.9,15.4,6.9,15.4,6.9z\"\/>\n<path class=\"st0\" d=\"M13.2,16c-0.1,0-0.1,0-0.2,0c0,0,0,0,0,0c-2.3-0.2-4.5-1-6.4-2.3c-1.8-1.1-3.3-2.6-4.4-4.4C1,7.4,0.2,5.2,0,2.9\n\tc0,0,0,0,0,0c-0.1-1.1,0.7-2.1,1.9-2.2c0.1,0,0.1,0,0.2,0h2.1c1,0,1.9,0.7,2.1,1.8c0,0,0,0,0,0c0.1,0.6,0.2,1.2,0.5,1.8\n\tC7,5.1,6.8,5.9,6.2,6.5c0,0,0,0,0,0L5.7,7c0.8,1.3,2,2.5,3.3,3.3l0.5-0.5c0,0,0,0,0,0c0.6-0.6,1.4-0.7,2.2-0.5\n\tc0.6,0.2,1.2,0.4,1.8,0.5c0,0,0,0,0,0c1,0.1,1.8,1,1.8,2.1v2.1C15.3,15.1,14.4,16,13.2,16C13.2,16,13.2,16,13.2,16z M13.2,14.7\n\tC13.2,14.7,13.2,14.7,13.2,14.7c0.5,0,0.8-0.3,0.8-0.8v-2.1c0,0,0,0,0,0c0-0.4-0.3-0.7-0.7-0.8c-0.7-0.1-1.4-0.3-2.1-0.5\n\tc-0.3-0.1-0.6,0-0.8,0.2l-0.9,0.9c-0.2,0.2-0.5,0.2-0.8,0.1c-1.9-1.1-3.4-2.6-4.5-4.5C4.1,7,4.2,6.7,4.4,6.5l0.9-0.9\n\tC5.5,5.3,5.6,5,5.5,4.8C5.2,4.1,5,3.4,4.9,2.6C4.9,2.3,4.6,2,4.2,2c0,0,0,0,0,0H2.1C2,2,2,2,2,2C1.6,2,1.3,2.4,1.3,2.8\n\tc0.2,2.1,0.9,4.1,2.1,5.8c0,0,0,0,0,0c1,1.6,2.4,3,4,4c0,0,0,0,0,0C9.1,13.8,11.1,14.5,13.2,14.7z\"\/>\n<\/svg>\t\t\t\t\t\t\t\t<\/a>\n\t\t\t<\/div>\n\t<div class=\"mkdf-iwt-content\" style=\"padding-left: 14px\">\n        \t\t\t\t\t\t\t<p class=\"mkdf-iwt-text\" style=\"margin-top: 0px\">+56 9 8421 1630<\/p>\n\t\t\t<\/div>\n<\/div>[vc_empty_space height=\u00bb5px\u00bb]<div class=\"mkdf-iwt clearfix  mkdf-iwt-icon-left  mkdf-iwt-icon-tiny\" >\n\t<div class=\"mkdf-iwt-icon\">\n\t\t\t\t\t<a itemprop=\"url\" href=\"mailto:cavila@aykspa.cl\" target=\"_self\">\n\t\t\t\t\t                <svg version=\"1.1\" id=\"Layer_1\" xmlns=\"http:\/\/www.w3.org\/2000\/svg\" xmlns:xlink=\"http:\/\/www.w3.org\/1999\/xlink\" x=\"0px\" y=\"0px\"\n\twidth=\"18px\" height=\"18px\" viewBox=\"0 0 16 16\" style=\"enable-background:new 0 0 16 16;\" xml:space=\"preserve\">\n<style type=\"text\/css\">\n\t.st0{fill:#12192D;}\n<\/style>\n<path class=\"st0\" d=\"M13.7,2.3C12.1,0.8,10.1,0,8,0c0,0,0,0,0,0C5.9,0,3.9,0.8,2.3,2.3C0.8,3.9,0,5.9,0,8c0,2.1,0.8,4.1,2.3,5.7\n\tC3.9,15.2,5.9,16,8,16c0,0,0,0,0,0c1.7,0,3.5-0.6,4.9-1.6c0.3-0.2,0.3-0.6,0.1-0.9c-0.2-0.3-0.6-0.3-0.9-0.1\n\tc-1.2,0.9-2.6,1.4-4.1,1.4h0c-1.8,0-3.5-0.7-4.7-2c-1.3-1.3-2-3-2-4.7c0-3.7,3-6.7,6.7-6.7h0c3.7,0,6.7,3,6.7,6.7v0.7\n\tc0,0.9-0.7,1.6-1.6,1.6c-0.9,0-1.6-0.7-1.6-1.6V8l0,0c0-2-1.6-3.6-3.6-3.6C6,4.4,4.4,6,4.4,8S6,11.6,8,11.6c1.1,0,2.1-0.5,2.8-1.3\n\tc0.5,0.8,1.4,1.3,2.4,1.3c1.6,0,2.9-1.3,2.9-2.9V8C16,5.9,15.2,3.9,13.7,2.3z M8,10.3c-1.3,0-2.3-1-2.3-2.3s1-2.3,2.3-2.3\n\tc1.3,0,2.3,1,2.3,2.3S9.3,10.3,8,10.3z\"\/>\n<\/svg>\n\t\t\t\t\t\t\t\t<\/a>\n\t\t\t<\/div>\n\t<div class=\"mkdf-iwt-content\" >\n        \t\t\t\t\t\t\t<p class=\"mkdf-iwt-text\" style=\"margin-top: 2px\">cavila@aykspa.cl<\/p>\n\t\t\t<\/div>\n<\/div>\t\t<\/div>\n\t<\/div>\n<\/div><\/div>[\/vc_column][\/vc_row][vc_row row_content_width=\u00bbgrid\u00bb row_btt_skin=\u00bblight\u00bb row_background_text_position=\u00bbfront\u00bb css=\u00bb.vc_custom_1556102041100{padding-bottom: 130px !important;}\u00bb][vc_column]<div class=\"mkdf-elements-holder   mkdf-two-columns  mkdf-responsive-mode-1024 \" ><div class=\"mkdf-eh-item    \"  data-item-class=\"mkdf-eh-custom-8850\">\n\t<div class=\"mkdf-eh-item-inner\">\n\t\t<div class=\"mkdf-eh-item-content mkdf-eh-custom-8850\" style=\"padding: 0 0 0 0\">\n\t\t\t[vc_column_text]<iframe loading=\"lazy\" style=\"border: 0;\" src=\"https:\/\/www.google.com\/maps\/embed?pb=!1m18!1m12!1m3!1d3193.6301068197135!2d-73.05485568413535!3d-36.8273826860183!2m3!1f0!2f0!3f0!3m2!1i1024!2i768!4f13.1!3m3!1m2!1s0x9669b5da7e25dba9%3A0x4d1e790fb2f9fbc!2sBarros%20Arana%20492%2C%20Oficina%2078%2C%204070148%20Concepci%C3%B3n%2C%20B%C3%ADo%20B%C3%ADo!5e0!3m2!1ses-419!2scl!4v1677367553047!5m2!1ses-419!2scl\" width=\"600\" height=\"450\" allowfullscreen=\"allowfullscreen\"><\/iframe>[\/vc_column_text]\t\t<\/div>\n\t<\/div>\n<\/div><div class=\"mkdf-eh-item    \"  data-item-class=\"mkdf-eh-custom-4950\" data-1025-1366=\"0 0 31px 60px\" data-769-1024=\"47px 104px 0 0px\" data-681-768=\"47px 0 0 0px\" data-680=\"47px 0 0 0px\">\n\t<div class=\"mkdf-eh-item-inner\">\n\t\t<div class=\"mkdf-eh-item-content mkdf-eh-custom-4950\" style=\"padding: 0 0 33px 80px\">\n\t\t\t<div class=\"wpcf7 no-js\" id=\"wpcf7-f6619-o1\" lang=\"en-US\" dir=\"ltr\">\n<div class=\"screen-reader-response\"><p role=\"status\" aria-live=\"polite\" aria-atomic=\"true\"><\/p> <ul><\/ul><\/div>\n<form action=\"\/index.php\/wp-json\/wp\/v2\/pages\/1743#wpcf7-f6619-o1\" method=\"post\" class=\"wpcf7-form init cf7_custom_style_1\" aria-label=\"Contact form\" novalidate=\"novalidate\" data-status=\"init\">\n<div style=\"display: none;\">\n<input type=\"hidden\" name=\"_wpcf7\" value=\"6619\" \/>\n<input type=\"hidden\" name=\"_wpcf7_version\" value=\"5.7.1\" \/>\n<input type=\"hidden\" name=\"_wpcf7_locale\" value=\"en_US\" \/>\n<input type=\"hidden\" name=\"_wpcf7_unit_tag\" value=\"wpcf7-f6619-o1\" \/>\n<input type=\"hidden\" name=\"_wpcf7_container_post\" value=\"0\" \/>\n<input type=\"hidden\" name=\"_wpcf7_posted_data_hash\" value=\"\" \/>\n<\/div>\n<div> \n      <h6>Nombre  <span class=\"mkdf-form-required-label\">obligatorio<\/span><\/h6>\n      <span class=\"wpcf7-form-control-wrap\" data-name=\"your-name\"><input size=\"40\" class=\"wpcf7-form-control wpcf7-text wpcf7-validates-as-required\" aria-required=\"true\" aria-invalid=\"false\" value=\"\" type=\"text\" name=\"your-name\" \/><\/span> \n<\/div>\n\n<div> <h6>Email <span class=\"mkdf-form-required-label\">obligatorio<\/span><\/h6>\n    <span class=\"wpcf7-form-control-wrap\" data-name=\"your-email\"><input size=\"40\" class=\"wpcf7-form-control wpcf7-text wpcf7-email wpcf7-validates-as-required wpcf7-validates-as-email\" aria-required=\"true\" aria-invalid=\"false\" value=\"\" type=\"email\" name=\"your-email\" \/><\/span> <\/div>\n\n<div> <h6>Mensaje<\/h6>\n    <span class=\"wpcf7-form-control-wrap\" data-name=\"your-message\"><textarea cols=\"40\" rows=\"10\" class=\"wpcf7-form-control wpcf7-textarea\" aria-invalid=\"false\" name=\"your-message\"><\/textarea><\/span> <\/div>\n\n<button class=\"wpcf7-form-control wpcf7-submit mkdf-btn mkdf-btn-medium mkdf-btn-solid\" type=\"submit\"><span class=\"mkdf-btn-text\">enviar<\/span><\/button><div class=\"wpcf7-response-output\" aria-hidden=\"true\"><\/div><\/form><\/div>\t\t<\/div>\n\t<\/div>\n<\/div><\/div>[\/vc_column][\/vc_row]<\/p>\n","protected":false},"excerpt":{"rendered":"<p>[vc_row row_content_width=\u00bbgrid\u00bb row_btt_skin=\u00bblight\u00bb row_background_text_position=\u00bbfront\u00bb css=\u00bb.vc_custom_1556102012797{padding-top: 96px !important;padding-bottom: 122px !important;}\u00bb][vc_column][\/vc_column][\/vc_row][vc_row row_content_width=\u00bbgrid\u00bb row_btt_skin=\u00bblight\u00bb row_background_text_position=\u00bbfront\u00bb css=\u00bb.vc_custom_1556102041100{padding-bottom: 130px !important;}\u00bb][vc_column][\/vc_column][\/vc_row]<\/p>\n","protected":false},"author":1,"featured_media":0,"parent":0,"menu_order":0,"comment_status":"closed","ping_status":"closed","template":"full-width.php","meta":{"footnotes":""},"class_list":["post-1743","page","type-page","status-publish","hentry"],"_links":{"self":[{"href":"https:\/\/www.aykspa.cl\/index.php\/wp-json\/wp\/v2\/pages\/1743","targetHints":{"allow":["GET"]}}],"collection":[{"href":"https:\/\/www.aykspa.cl\/index.php\/wp-json\/wp\/v2\/pages"}],"about":[{"href":"https:\/\/www.aykspa.cl\/index.php\/wp-json\/wp\/v2\/types\/page"}],"author":[{"embeddable":true,"href":"https:\/\/www.aykspa.cl\/index.php\/wp-json\/wp\/v2\/users\/1"}],"replies":[{"embeddable":true,"href":"https:\/\/www.aykspa.cl\/index.php\/wp-json\/wp\/v2\/comments?post=1743"}],"version-history":[{"count":18,"href":"https:\/\/www.aykspa.cl\/index.php\/wp-json\/wp\/v2\/pages\/1743\/revisions"}],"predecessor-version":[{"id":6972,"href":"https:\/\/www.aykspa.cl\/index.php\/wp-json\/wp\/v2\/pages\/1743\/revisions\/6972"}],"wp:attachment":[{"href":"https:\/\/www.aykspa.cl\/index.php\/wp-json\/wp\/v2\/media?parent=1743"}],"curies":[{"name":"wp","href":"https:\/\/api.w.org\/{rel}","templated":true}]}}